{"id":2395,"date":"2020-04-06T13:06:53","date_gmt":"2020-04-06T13:06:53","guid":{"rendered":"http:\/\/www.spotlook.com\/fr\/site\/?page_id=2395"},"modified":"2025-04-03T13:29:10","modified_gmt":"2025-04-03T13:29:10","slug":"spotgreen-solution-daffichage-des-consommations-energetiques-de-vos-batiments","status":"publish","type":"page","link":"http:\/\/www.spotlook.com\/fr\/site\/spotgreen-solution-daffichage-des-consommations-energetiques-de-vos-batiments\/","title":{"rendered":"<span class=\"tk-junegull\">SPOT<font color=\"#009900\">GREEN<\/font><\/span> Solution d\u2019affichage des consommations \u00e9nerg\u00e9tiques de vos b\u00e2timents"},"content":{"rendered":"<p><div class=\"fusion-fullwidth fullwidth-box fusion-builder-row-1 nonhundred-percent-fullwidth non-hundred-percent-height-scrolling\" style=\"background-color: rgba(255,255,255,0);background-position: center center;background-repeat: no-repeat;padding-top:0px;padding-right:0px;padding-bottom:0px;padding-left:0px;margin-bottom: 0px;margin-top: 0px;border-width: 0px 0px 0px 0px;border-color:#e7e4e2;border-style:solid;\" ><div class=\"fusion-builder-row fusion-row\"><div class=\"fusion-layout-column fusion_builder_column fusion-builder-column-0 fusion_builder_column_1_1 1_1 fusion-one-full fusion-column-first fusion-column-last\" style=\"margin-top:10px;margin-bottom:10px;\"><div class=\"fusion-column-wrapper fusion-flex-column-wrapper-legacy\" style=\"background-position:left top;background-repeat:no-repeat;-webkit-background-size:cover;-moz-background-size:cover;-o-background-size:cover;background-size:cover;padding: 0px 0px 0px 0px;\"><div class=\"fusion-clearfix\"><\/div><\/div><\/div><\/div><\/div><div class=\"fusion-fullwidth fullwidth-box fusion-builder-row-2 nonhundred-percent-fullwidth non-hundred-percent-height-scrolling\" style=\"background-color: rgba(255,255,255,0);background-position: left top;background-repeat: no-repeat;padding-top:70px;padding-right:0px;padding-bottom:30px;padding-left:0px;margin-bottom: 0px;margin-top: 0px;border-width: 0px 0px 0px 0px;border-color:#e7e4e2;border-style:solid;\" ><div class=\"fusion-builder-row fusion-row\"><div class=\"fusion-layout-column fusion_builder_column fusion-builder-column-1 fusion_builder_column_1_1 1_1 fusion-one-full fusion-column-first fusion-column-last fusion-column-no-min-height\" style=\"margin-top:2%;margin-bottom:10px;\"><div class=\"fusion-column-wrapper fusion-flex-column-wrapper-legacy\" style=\"background-position:left top;background-repeat:no-repeat;-webkit-background-size:cover;-moz-background-size:cover;-o-background-size:cover;background-size:cover;padding: 0px 0px 0px 0px;\"><div class=\"fusion-tabs fusion-tabs-1 clean vertical-tabs icon-position-left\"><style type=\"text\/css\">#wrapper .fusion-tabs.fusion-tabs-1.clean .nav-tabs li a.tab-link{border-color:#ede8e8;}.fusion-tabs.fusion-tabs-1 .nav-tabs li a.tab-link{background-color:#faf9f8;}.fusion-tabs.fusion-tabs-1 .nav-tabs li.active a.tab-link,.fusion-tabs.fusion-tabs-1 .nav-tabs li.active a.tab-link:hover,.fusion-tabs.fusion-tabs-1 .nav-tabs li.active a.tab-link:focus{background-color:#ffffff;}.fusion-tabs.fusion-tabs-1 .nav-tabs li a:hover{background-color:#ffffff;border-top-color:#ffffff;}.fusion-tabs.fusion-tabs-1 .tab-pane{background-color:#ffffff;}.fusion-tabs.fusion-tabs-1 .nav,.fusion-tabs.fusion-tabs-1 .nav-tabs,.fusion-tabs.fusion-tabs-1 .tab-content .tab-pane{border-color:#ede8e8;}<\/style><div class=\"nav\"><ul class=\"nav-tabs\" role=\"tablist\"><li class=\"active\"><a class=\"tab-link\" data-toggle=\"tab\" role=\"tab\" aria-controls=\"tab-e00eae53f48ca56f665\" aria-selected=\"true\" id=\"fusion-tab-presentation\" href=\"#tab-e00eae53f48ca56f665\"><h4 class=\"fusion-tab-heading\"><i class=\"fontawesome-icon fa-spinner fas\" aria-hidden=\"true\" style=\"font-size:13px;\"><\/i>PRESENTATION<\/h4><\/a><\/li><li><a class=\"tab-link\" data-toggle=\"tab\" role=\"tab\" aria-controls=\"tab-175284a4665ef8d295e\" aria-selected=\"false\" tabindex=\"-1\" id=\"fusion-tab-fonctionnement\" href=\"#tab-175284a4665ef8d295e\"><h4 class=\"fusion-tab-heading\"><i class=\"fontawesome-icon fa-wpforms fab\" aria-hidden=\"true\" style=\"font-size:13px;\"><\/i>FONCTIONNEMENT<\/h4><\/a><\/li><\/ul><\/div><div class=\"tab-content\"><div class=\"nav fusion-mobile-tab-nav\"><ul class=\"nav-tabs\"><li class=\"active\"><a class=\"tab-link\" data-toggle=\"tab\" role=\"tab\" aria-controls=\"tab-e00eae53f48ca56f665\" aria-selected=\"true\" id=\"mobile-fusion-tab-presentation\" href=\"#tab-e00eae53f48ca56f665\"><h4 class=\"fusion-tab-heading\"><i class=\"fontawesome-icon fa-spinner fas\" aria-hidden=\"true\" style=\"font-size:13px;\"><\/i>PRESENTATION<\/h4><\/a><\/li><\/ul><\/div><div class=\"tab-pane fade fusion-clearfix in active\" role=\"tabpanel\" tabindex=\"0\" aria-labelledby=\"fusion-tab-presentation\" id=\"tab-e00eae53f48ca56f665\">\n<h2>Solution d\u2019affichage des consommations \u00e9nerg\u00e9tiques de vos b\u00e2timents <span class=\"tk-junegull\">SPOT<span style=\"color: #009900;\">GREEN<\/span><\/span><\/h2>\n<h3><span class=\"tk-junegull\">SPOT<span style=\"color: #009900;\">GREEN<\/span><\/span> est une solution compl\u00e8te de r\u00e9cup\u00e9ration et d\u2019affichage des consommations \u00e9nerg\u00e9tiques (eau, \u00e9lectricit\u00e9) de vos b\u00e2timents d\u00e9velopp\u00e9e par <span class=\"tk-junegull\">SPOTLOOK<\/span>:<\/h3>\n<h3><ul class=\"fusion-checklist fusion-checklist-1\" style=\"font-size:15px;line-height:25.5px;\">\n<li class=\"fusion-li-item\"><span style=\"height:25.5px;width:25.5px;margin-right:10.5px;\" class=\"icon-wrapper circle-no\"><i class=\"fusion-li-icon fa fa-globe\" style=\"color:#e2007a;\" aria-hidden=\"true\"><\/i><\/span><div class=\"fusion-li-item-content\" style=\"margin-left:36px;\"><strong>Sensibilisez les occupants de vos b\u00e2timents \u00e0 leurs consommations<\/strong> &#8211; En leur diffusant les consommations de leur bureau, consommations \u00e9lectriques, consommations en eau.<\/div><\/li>\n<li class=\"fusion-li-item\"><span style=\"height:25.5px;width:25.5px;margin-right:10.5px;\" class=\"icon-wrapper circle-no\"><i class=\"fusion-li-icon fa fa-graduation-cap\" style=\"color:#e2007a;\" aria-hidden=\"true\"><\/i><\/span><div class=\"fusion-li-item-content\" style=\"margin-left:36px;\"><strong>Influencez leurs comportements<\/strong> &#8211; Communiquez sur les gestes et comportements \u00e0 adopter pour r\u00e9duire les consommations de vos occupants<\/div><\/li>\n<li class=\"fusion-li-item\"><span style=\"height:25.5px;width:25.5px;margin-right:10.5px;\" class=\"icon-wrapper circle-no\"><i class=\"fusion-li-icon fa fa-graduation-cap\" style=\"color:#e2007a;\" aria-hidden=\"true\"><\/i><\/span><div class=\"fusion-li-item-content\" style=\"margin-left:36px;\"><strong>Une mise en page enti\u00e8rement personnalisable<\/strong> &#8211; En fonction des compteurs disponibles, de votre charte graphique,<span class=\"tk-junegull\">SPOT<span style=\"color: #009900;\">GREEN<\/span><\/span> vous permet une mise en page enti\u00e8rement personnalisable des contenus diffus\u00e9s.<\/div><\/li>\n<\/ul><\/h3>\n<p><img class=\"wp-image-2404 aligncenter\" src=\"http:\/\/www.spotlook.com\/fr\/site\/wp-content\/uploads\/2020\/04\/exemple-spotgreen-nova.jpg\" alt=\"\" width=\"724\" height=\"453\" \/><\/p>\n<\/div><div class=\"nav fusion-mobile-tab-nav\"><ul class=\"nav-tabs\"><li><a class=\"tab-link\" data-toggle=\"tab\" role=\"tab\" aria-controls=\"tab-175284a4665ef8d295e\" aria-selected=\"false\" tabindex=\"-1\" id=\"mobile-fusion-tab-fonctionnement\" href=\"#tab-175284a4665ef8d295e\"><h4 class=\"fusion-tab-heading\"><i class=\"fontawesome-icon fa-wpforms fab\" aria-hidden=\"true\" style=\"font-size:13px;\"><\/i>FONCTIONNEMENT<\/h4><\/a><\/li><\/ul><\/div><div class=\"tab-pane fade fusion-clearfix\" role=\"tabpanel\" tabindex=\"0\" aria-labelledby=\"fusion-tab-fonctionnement\" id=\"tab-175284a4665ef8d295e\">\n<h3>Int\u00e9gration avec votre logiciel de GTC \u2013 GTB existante<\/h3>\n<p><span class=\"tk-junegull\">SPOT<span style=\"color: #009900;\">GREEN<\/span><\/span> dispose de connecteurs afin de faciliter son interfa\u00e7age avec votre logiciel de Gestion Technique de B\u00e2timent. <span class=\"tk-junegull\">SPOT<span style=\"color: #009900;\">GREEN<\/span><\/span> s\u2019interface facilement avec la majorit\u00e9 des GTC du march\u00e9: GTC Trend, Delta Dore, Johnson Controls Metasys, Schneider Irio ou EGX3000\u2026<\/p>\n<p><img class=\" wp-image-2407 aligncenter\" src=\"http:\/\/www.spotlook.com\/fr\/site\/wp-content\/uploads\/2020\/04\/architecture-spotgreen.jpg\" alt=\"\" width=\"711\" height=\"448\" srcset=\"http:\/\/www.spotlook.com\/fr\/site\/wp-content\/uploads\/2020\/04\/architecture-spotgreen-320x202.jpg 320w, http:\/\/www.spotlook.com\/fr\/site\/wp-content\/uploads\/2020\/04\/architecture-spotgreen-700x441.jpg 700w, http:\/\/www.spotlook.com\/fr\/site\/wp-content\/uploads\/2020\/04\/architecture-spotgreen.jpg 792w\" sizes=\"(max-width: 711px) 100vw, 711px\" \/><\/p>\n<h3>Vous ne disposez pas de logiciel de GTC \u2013 GTB ?<\/h3>\n<p>Nous pouvons vous proposer la mise en \u0153uvre de compteurs (\u00e9lectriques et eau) aux diff\u00e9rents points de comptage d\u00e9sir\u00e9s, afin de permettre l\u2019installation de notre solution <span class=\"tk-junegull\">SPOT<span style=\"color: #009900;\">GREEN<\/span><\/span>.<\/p>\n<h3><\/h3>\n<\/div><\/div><\/div><div class=\"fusion-clearfix\"><\/div><\/div><\/div><\/div><\/div><div class=\"fusion-fullwidth fullwidth-box fusion-builder-row-3 hundred-percent-fullwidth non-hundred-percent-height-scrolling\" style=\"background-color: #faf9f8;background-position: center center;background-repeat: no-repeat;padding-top:0px;padding-right:0px;padding-bottom:0px;padding-left:0px;margin-bottom: 0px;margin-top: 0px;border-width: 0px 0px 0px 0px;border-color:#e7e4e2;border-style:solid;\" ><div class=\"fusion-builder-row fusion-row\"><div class=\"fusion-layout-column fusion_builder_column fusion-builder-column-2 fusion_builder_column_1_1 1_1 fusion-one-full fusion-column-first fusion-column-last fusion-column-no-min-height\" style=\"margin-top:0px;margin-bottom:20px;\"><div class=\"fusion-column-wrapper fusion-flex-column-wrapper-legacy\" style=\"background-position:left top;background-repeat:no-repeat;-webkit-background-size:cover;-moz-background-size:cover;-o-background-size:cover;background-size:cover;padding: 0px 0px 0px 0px;\"><div class=\"fusion-section-separator section-separator bigtriangle fusion-section-separator-1\"><div class=\"fusion-section-separator-svg\" style=\"padding:0;margin-left: 0px;margin-right: 0px;\"><svg class=\"fusion-big-triangle-candy\" xmlns=\"http:\/\/www.w3.org\/2000\/svg\" version=\"1.1\" width=\"100%\" height=\"100\" viewBox=\"0 0 100 100\" preserveAspectRatio=\"none\" style=\"fill:#ffffff;padding:0;\"><path d=\"M-1 -1 L50 99 L101 -1 Z\"><\/path><\/svg><\/div><div class=\"fusion-section-separator-spacer\"><div class=\"fusion-section-separator-spacer-height\" style=\"height:99px;\"><\/div><\/div><\/div><div class=\"fusion-clearfix\"><\/div><\/div><\/div><\/div><\/div><\/p>\n","protected":false},"excerpt":{"rendered":"","protected":false},"author":1,"featured_media":0,"parent":0,"menu_order":0,"comment_status":"closed","ping_status":"closed","template":"","meta":[],"yoast_head":"<!-- This site is optimized with the Yoast SEO plugin v15.2.1 - https:\/\/yoast.com\/wordpress\/plugins\/seo\/ -->\n<title>SPOTGREEN Solution d\u2019affichage des consommations \u00e9nerg\u00e9tiques de vos b\u00e2timents - SPOTLOOK<\/title>\n<meta name=\"description\" content=\"Ecrans pour ascenseurs - Application mobile immeubles tertaires - Ecrans pour salles de reunion\" \/>\n<meta name=\"robots\" content=\"index, follow, max-snippet:-1, max-image-preview:large, max-video-preview:-1\" \/>\n<link rel=\"canonical\" href=\"http:\/\/www.spotlook.com\/fr\/site\/spotgreen-solution-daffichage-des-consommations-energetiques-de-vos-batiments\/\" \/>\n<meta property=\"og:locale\" content=\"fr_FR\" \/>\n<meta property=\"og:type\" content=\"article\" \/>\n<meta property=\"og:title\" content=\"SPOTGREEN Solution d\u2019affichage des consommations \u00e9nerg\u00e9tiques de vos b\u00e2timents - SPOTLOOK\" \/>\n<meta property=\"og:description\" content=\"Ecrans pour ascenseurs - Application mobile immeubles tertaires - Ecrans pour salles de reunion\" \/>\n<meta property=\"og:url\" content=\"http:\/\/www.spotlook.com\/fr\/site\/spotgreen-solution-daffichage-des-consommations-energetiques-de-vos-batiments\/\" \/>\n<meta property=\"og:site_name\" content=\"SPOTLOOK\" \/>\n<meta property=\"article:publisher\" content=\"https:\/\/www.facebook.com\/spotlook.broadcast\" \/>\n<meta property=\"article:modified_time\" content=\"2025-04-03T13:29:10+00:00\" \/>\n<meta property=\"og:image\" content=\"http:\/\/www.spotlook.com\/fr\/site\/wp-content\/uploads\/2020\/04\/exemple-spotgreen-nova.jpg\" \/>\n<meta name=\"twitter:card\" content=\"summary_large_image\" \/>\n<meta name=\"twitter:label1\" content=\"\u00c9crit par\">\n\t<meta name=\"twitter:data1\" content=\"wpadministrateur\">\n\t<meta name=\"twitter:label2\" content=\"Dur\u00e9e de lecture est.\">\n\t<meta name=\"twitter:data2\" content=\"4 minutes\">\n<script type=\"application\/ld+json\" class=\"yoast-schema-graph\">{\"@context\":\"https:\/\/schema.org\",\"@graph\":[{\"@type\":\"Organization\",\"@id\":\"http:\/\/www.spotlook.com\/fr\/site\/#organization\",\"name\":\"SPOTLOOK\",\"url\":\"http:\/\/www.spotlook.com\/fr\/site\/\",\"sameAs\":[\"https:\/\/www.facebook.com\/spotlook.broadcast\",\"https:\/\/www.linkedin.com\/company\/3475050\/admin\/\",\"https:\/\/www.youtube.com\/channel\/UCUIXM0SnISEdUq1rblWrVRQ\"],\"logo\":{\"@type\":\"ImageObject\",\"@id\":\"http:\/\/www.spotlook.com\/fr\/site\/#logo\",\"inLanguage\":\"fr-FR\",\"url\":\"http:\/\/www.spotlook.com\/fr\/site\/wp-content\/uploads\/2019\/09\/logo_mobile_retina_spotlook.png\",\"width\":752,\"height\":228,\"caption\":\"SPOTLOOK\"},\"image\":{\"@id\":\"http:\/\/www.spotlook.com\/fr\/site\/#logo\"}},{\"@type\":\"WebSite\",\"@id\":\"http:\/\/www.spotlook.com\/fr\/site\/#website\",\"url\":\"http:\/\/www.spotlook.com\/fr\/site\/\",\"name\":\"SPOTLOOK\",\"description\":\"Solutions d&#039;affichage dynamique\",\"publisher\":{\"@id\":\"http:\/\/www.spotlook.com\/fr\/site\/#organization\"},\"potentialAction\":[{\"@type\":\"SearchAction\",\"target\":\"http:\/\/www.spotlook.com\/fr\/site\/?s={search_term_string}\",\"query-input\":\"required name=search_term_string\"}],\"inLanguage\":\"fr-FR\"},{\"@type\":\"ImageObject\",\"@id\":\"http:\/\/www.spotlook.com\/fr\/site\/spotgreen-solution-daffichage-des-consommations-energetiques-de-vos-batiments\/#primaryimage\",\"inLanguage\":\"fr-FR\",\"url\":\"http:\/\/www.spotlook.com\/fr\/site\/wp-content\/uploads\/2020\/04\/exemple-spotgreen-nova.jpg\",\"width\":1366,\"height\":768},{\"@type\":\"WebPage\",\"@id\":\"http:\/\/www.spotlook.com\/fr\/site\/spotgreen-solution-daffichage-des-consommations-energetiques-de-vos-batiments\/#webpage\",\"url\":\"http:\/\/www.spotlook.com\/fr\/site\/spotgreen-solution-daffichage-des-consommations-energetiques-de-vos-batiments\/\",\"name\":\"SPOTGREEN Solution d\\u2019affichage des consommations \\u00e9nerg\\u00e9tiques de vos b\\u00e2timents - SPOTLOOK\",\"isPartOf\":{\"@id\":\"http:\/\/www.spotlook.com\/fr\/site\/#website\"},\"primaryImageOfPage\":{\"@id\":\"http:\/\/www.spotlook.com\/fr\/site\/spotgreen-solution-daffichage-des-consommations-energetiques-de-vos-batiments\/#primaryimage\"},\"datePublished\":\"2020-04-06T13:06:53+00:00\",\"dateModified\":\"2025-04-03T13:29:10+00:00\",\"description\":\"Ecrans pour ascenseurs - Application mobile immeubles tertaires - Ecrans pour salles de reunion\",\"inLanguage\":\"fr-FR\",\"potentialAction\":[{\"@type\":\"ReadAction\",\"target\":[\"http:\/\/www.spotlook.com\/fr\/site\/spotgreen-solution-daffichage-des-consommations-energetiques-de-vos-batiments\/\"]}]}]}<\/script>\n<!-- \/ Yoast SEO plugin. -->","_links":{"self":[{"href":"http:\/\/www.spotlook.com\/fr\/site\/wp-json\/wp\/v2\/pages\/2395"}],"collection":[{"href":"http:\/\/www.spotlook.com\/fr\/site\/wp-json\/wp\/v2\/pages"}],"about":[{"href":"http:\/\/www.spotlook.com\/fr\/site\/wp-json\/wp\/v2\/types\/page"}],"author":[{"embeddable":true,"href":"http:\/\/www.spotlook.com\/fr\/site\/wp-json\/wp\/v2\/users\/1"}],"replies":[{"embeddable":true,"href":"http:\/\/www.spotlook.com\/fr\/site\/wp-json\/wp\/v2\/comments?post=2395"}],"version-history":[{"count":16,"href":"http:\/\/www.spotlook.com\/fr\/site\/wp-json\/wp\/v2\/pages\/2395\/revisions"}],"predecessor-version":[{"id":3577,"href":"http:\/\/www.spotlook.com\/fr\/site\/wp-json\/wp\/v2\/pages\/2395\/revisions\/3577"}],"wp:attachment":[{"href":"http:\/\/www.spotlook.com\/fr\/site\/wp-json\/wp\/v2\/media?parent=2395"}],"curies":[{"name":"wp","href":"https:\/\/api.w.org\/{rel}","templated":true}]}}